{"id":1324,"date":"2025-05-29T02:03:09","date_gmt":"2025-05-29T02:03:09","guid":{"rendered":"https:\/\/zaladecoration.com\/about\/"},"modified":"2025-06-10T02:10:57","modified_gmt":"2025-06-10T02:10:57","slug":"about","status":"publish","type":"page","link":"https:\/\/zaladecoration.com\/es\/about\/","title":{"rendered":"Sobre nosotros"},"content":{"rendered":"<div class=\"wp-block-uagb-container uagb-block-3ad17e27 alignfull uagb-is-root-container\"><div class=\"uagb-container-inner-blocks-wrap\">\n<div class=\"wp-block-uagb-advanced-heading uagb-block-8a1eebc0\"><h1 class=\"uagb-heading-text\">Sobre nosotros<\/h1><\/div>\n<\/div><\/div>\n\n\n\n<div class=\"wp-block-uagb-container uagb-block-f8ec2bd3 alignfull uagb-is-root-container\"><div class=\"uagb-container-inner-blocks-wrap\">\n<div class=\"wp-block-uagb-advanced-heading uagb-block-e874992d\"><h4 class=\"uagb-heading-text\">Ser un l\u00edder global en materiales de construcci\u00f3n sostenibles, ofreciendo paneles de pared, pisos y techos ecol\u00f3gicos que combinan calidad, dise\u00f1o y responsabilidad.<br>Estamos comprometidos a ayudar a nuestros socios a crecer mientras protegemos el planeta mediante el uso de materiales reciclables, de bajas emisiones y una manufactura m\u00e1s inteligente.<\/h4><\/div>\n\n\n\n<div class=\"wp-block-uagb-image aligncenter uagb-block-2d710799 wp-block-uagb-image--layout-default wp-block-uagb-image--effect-static wp-block-uagb-image--align-center\"><figure class=\"wp-block-uagb-image__figure\"><img decoding=\"async\" srcset=\"https:\/\/zaladecoration.com\/wp-content\/uploads\/2025\/05\/interior-8774768_1920.jpg ,https:\/\/zaladecoration.com\/wp-content\/uploads\/2025\/05\/interior-8774768_1920.jpg 780w, https:\/\/zaladecoration.com\/wp-content\/uploads\/2025\/05\/interior-8774768_1920.jpg 360w\" sizes=\"auto, (max-width: 480px) 150px\" src=\"https:\/\/zaladecoration.com\/wp-content\/uploads\/2025\/05\/interior-8774768_1920.jpg\" alt=\"UV wall panel\" class=\"uag-image-2715\" width=\"1920\" height=\"1280\" title=\"Panel de pared UV\" loading=\"lazy\" role=\"img\"\/><\/figure><\/div>\n\n\n\n<div class=\"wp-block-uagb-container uagb-block-72514f6d\">\n<div class=\"wp-block-uagb-advanced-heading uagb-block-b317ae0b\"><h3 class=\"uagb-heading-text\">Nuestra misi\u00f3n<\/h3><p class=\"uagb-desc-text\">Construir el mejor producto que genere el mayor valor para nuestros clientes, utilizando el negocio para inspirar e implementar soluciones ecol\u00f3gicas.<\/p><\/div>\n\n\n\n<div class=\"wp-block-uagb-advanced-heading uagb-block-3b00767d\"><h3 class=\"uagb-heading-text\">Nuestros valores<\/h3><p class=\"uagb-desc-text\">Nos esforzamos por ir m\u00e1s all\u00e1 para nuestros clientes sin importar el desaf\u00edo. Nuestro objetivo es ofrecer lo mejor de nuestro trabajo cada d\u00eda en todos nuestros servicios.<\/p><\/div>\n<\/div>\n<\/div><\/div>\n\n\n\n<div class=\"wp-block-uagb-container uagb-block-61e8ac2a alignfull uagb-is-root-container\"><div class=\"uagb-container-inner-blocks-wrap\">\n<div class=\"wp-block-uagb-image aligncenter uagb-block-052b1f4c wp-block-uagb-image--layout-default wp-block-uagb-image--effect-static wp-block-uagb-image--align-center\"><figure class=\"wp-block-uagb-image__figure\"><img decoding=\"async\" srcset=\"https:\/\/zaladecoration.com\/wp-content\/uploads\/2021\/11\/quotes.svg ,https:\/\/zaladecoration.com\/wp-content\/uploads\/2021\/11\/quotes.svg 780w, https:\/\/zaladecoration.com\/wp-content\/uploads\/2021\/11\/quotes.svg 360w\" sizes=\"auto, (max-width: 480px) 150px\" src=\"https:\/\/zaladecoration.com\/wp-content\/uploads\/2021\/11\/quotes.svg\" alt=\"\" class=\"uag-image-117\" width=\"37\" height=\"38\" title=\"citas\" loading=\"lazy\" role=\"img\"\/><\/figure><\/div>\n\n\n\n<div class=\"wp-block-uagb-info-box uagb-block-54aaf525 uagb-infobox__content-wrap  uagb-infobox-icon-below-title uagb-infobox-image-valign-top\"><div class=\"uagb-ifb-content\"><div class=\"uagb-ifb-title-wrap\"><h4 class=\"uagb-ifb-title\">Zala Decoration es un equipo trabajador y dedicado de profesionales. Es un placer formar parte de \u00e9l.<\/h4><\/div><div class=\"uagb-ifb-image-content\"><img decoding=\"async\" src=\"https:\/\/zaladecoration.com\/wp-content\/uploads\/2025\/05\/\u5fae\u4fe1\u56fe\u7247_20250529123213-150x127.png\" alt=\"\" width=\"50\" height=\"42\" loading=\"lazy\"\/><\/div><p class=\"uagb-ifb-desc\">Brisa<\/p><\/div><\/div>\n<\/div><\/div>","protected":false},"excerpt":{"rendered":"<p>About Us To be a global leader in sustainable building materials\u2014offering eco-friendly wall panels, flooring, and ceilings that combine quality, design, and responsibility.We are committed to helping our partners grow while protecting the planet through the use of recyclable, low-emission materials and smarter manufacturing. Our Mission Build the best product that creates the most value [&hellip;]<\/p>\n","protected":false},"author":1,"featured_media":0,"parent":0,"menu_order":0,"comment_status":"closed","ping_status":"closed","template":"","meta":{"_uag_custom_page_level_css":"","site-sidebar-layout":"no-sidebar","site-content-layout":"page-builder","ast-site-content-layout":"full-width-container","site-content-style":"unboxed","site-sidebar-style":"default","ast-global-header-display":"","ast-banner-title-visibility":"","ast-main-header-display":"","ast-hfb-above-header-display":"","ast-hfb-below-header-display":"","ast-hfb-mobile-header-display":"","site-post-title":"disabled","ast-breadcrumbs-content":"","ast-featured-img":"disabled","footer-sml-layout":"","ast-disable-related-posts":"","theme-transparent-header-meta":"enabled","adv-header-id-meta":"","stick-header-meta":"","header-above-stick-meta":"","header-main-stick-meta":"","header-below-stick-meta":"","astra-migrate-meta-layouts":"set","ast-page-background-enabled":"default","ast-page-background-meta":{"desktop":{"background-color":"var(--ast-global-color-4)","background-image":"","background-repeat":"repeat","background-position":"center center","background-size":"auto","background-attachment":"scroll","background-type":"","background-media":"","overlay-type":"","overlay-color":"","overlay-opacity":"","overlay-gradient":""},"tablet":{"background-color":"","background-image":"","background-repeat":"repeat","background-position":"center center","background-size":"auto","background-attachment":"scroll","background-type":"","background-media":"","overlay-type":"","overlay-color":"","overlay-opacity":"","overlay-gradient":""},"mobile":{"background-color":"","background-image":"","background-repeat":"repeat","background-position":"center center","background-size":"auto","background-attachment":"scroll","background-type":"","background-media":"","overlay-type":"","overlay-color":"","overlay-opacity":"","overlay-gradient":""}},"ast-content-background-meta":{"desktop":{"background-color":"var(--ast-global-color-5)","background-image":"","background-repeat":"repeat","background-position":"center center","background-size":"auto","background-attachment":"scroll","background-type":"","background-media":"","overlay-type":"","overlay-color":"","overlay-opacity":"","overlay-gradient":""},"tablet":{"background-color":"var(--ast-global-color-5)","background-image":"","background-repeat":"repeat","background-position":"center center","background-size":"auto","background-attachment":"scroll","background-type":"","background-media":"","overlay-type":"","overlay-color":"","overlay-opacity":"","overlay-gradient":""},"mobile":{"background-color":"var(--ast-global-color-5)","background-image":"","background-repeat":"repeat","background-position":"center center","background-size":"auto","background-attachment":"scroll","background-type":"","background-media":"","overlay-type":"","overlay-color":"","overlay-opacity":"","overlay-gradient":""}},"footnotes":""},"class_list":["post-1324","page","type-page","status-publish","hentry"],"uagb_featured_image_src":{"full":false,"thumbnail":false,"medium":false,"medium_large":false,"large":false,"1536x1536":false,"2048x2048":false,"trp-custom-language-flag":false},"uagb_author_info":{"display_name":"markzg0573@gmail.com","author_link":"https:\/\/zaladecoration.com\/es\/author\/markzg0573gmail-com\/"},"uagb_comment_info":0,"uagb_excerpt":"About Us To be a global leader in sustainable building materials\u2014offering eco-friendly wall panels, flooring, and ceilings that combine quality, design, and responsibility.We are committed to helping our partners grow while protecting the planet through the use of recyclable, low-emission materials and smarter manufacturing. Our Mission Build the best product that creates the most value&hellip;","_links":{"self":[{"href":"https:\/\/zaladecoration.com\/es\/wp-json\/wp\/v2\/pages\/1324","targetHints":{"allow":["GET"]}}],"collection":[{"href":"https:\/\/zaladecoration.com\/es\/wp-json\/wp\/v2\/pages"}],"about":[{"href":"https:\/\/zaladecoration.com\/es\/wp-json\/wp\/v2\/types\/page"}],"author":[{"embeddable":true,"href":"https:\/\/zaladecoration.com\/es\/wp-json\/wp\/v2\/users\/1"}],"replies":[{"embeddable":true,"href":"https:\/\/zaladecoration.com\/es\/wp-json\/wp\/v2\/comments?post=1324"}],"version-history":[{"count":4,"href":"https:\/\/zaladecoration.com\/es\/wp-json\/wp\/v2\/pages\/1324\/revisions"}],"predecessor-version":[{"id":3110,"href":"https:\/\/zaladecoration.com\/es\/wp-json\/wp\/v2\/pages\/1324\/revisions\/3110"}],"wp:attachment":[{"href":"https:\/\/zaladecoration.com\/es\/wp-json\/wp\/v2\/media?parent=1324"}],"curies":[{"name":"wp","href":"https:\/\/api.w.org\/{rel}","templated":true}]}}